{"id":761,"date":"2024-03-22T11:24:40","date_gmt":"2024-03-22T09:24:40","guid":{"rendered":"https:\/\/www.carbonfarmhub.eu\/politica-de-cookies\/"},"modified":"2024-11-05T11:42:56","modified_gmt":"2024-11-05T09:42:56","slug":"politica-de-cookies","status":"publish","type":"page","link":"https:\/\/www.carbonfarmhub.eu\/es\/politica-de-cookies\/","title":{"rendered":"Pol\u00edtica de Cookies"},"content":{"rendered":"\n<h1 class=\"wp-block-heading has-text-align-center\">Pol\u00edtica de Cookies<\/h1>\n\n<h2 class=\"wp-block-heading\">Informaci\u00f3n sobre las Cookies<\/h2>\n\n<p>Este sitio web (<em>www.carbonfarmhub.eu<\/em>) utiliza cookies y otras tecnolog\u00edas similares para mejorar su experiencia de navegaci\u00f3n. Esta pol\u00edtica explica qu\u00e9 son las cookies, c\u00f3mo las usamos, sus opciones respecto a las cookies y c\u00f3mo encontrar m\u00e1s informaci\u00f3n. <\/p>\n\n<h2 class=\"wp-block-heading\">\u00bfQu\u00e9 son las Cookies?<\/h2>\n\n<p>Las cookies y otras tecnolog\u00edas similares, como los objetos locales compartidos, las cookies de Flash o los p\u00edxeles, son herramientas utilizadas por los servidores web para almacenar y recuperar informaci\u00f3n sobre sus visitantes, as\u00ed como para permitir el correcto funcionamiento del sitio.<\/p>\n\n<p>Al utilizar estos dispositivos, el servidor web puede recordar algunos datos del usuario, como sus preferencias para visualizar las p\u00e1ginas del servidor, su nombre y contrase\u00f1a, los productos que m\u00e1s le interesan, entre otros.<\/p>\n\n<h2 class=\"wp-block-heading\">Cookies afectadas por la normativa y Cookies exentas de ella<\/h2>\n\n<p>Seg\u00fan la directiva de la UE, las cookies que requieren el consentimiento informado del usuario son las cookies de an\u00e1lisis, publicidad y afiliaci\u00f3n, mientras que las cookies t\u00e9cnicas y aquellas que son necesarias para el funcionamiento del sitio web o la prestaci\u00f3n de servicios solicitados expresamente por el usuario est\u00e1n exentas de este requisito.<\/p>\n\n<h2 class=\"wp-block-heading\">Tipos de Cookies seg\u00fan su Prop\u00f3sito<\/h2>\n\n<ul class=\"wp-block-list\">\n<li><strong>Cookies T\u00e9cnicas y Funcionales<\/strong>: Permiten al usuario navegar por un sitio web, plataforma o aplicaci\u00f3n y utilizar las diferentes opciones o servicios disponibles.<\/li>\n\n\n\n<li><strong>Cookies de An\u00e1lisis<\/strong>: Permiten al controlador monitorizar y analizar el comportamiento de los usuarios de los sitios web vinculados. La informaci\u00f3n recopilada se utiliza para medir la actividad de los sitios web, aplicaciones o plataformas y realizar perfiles de navegaci\u00f3n de los usuarios para introducir mejoras en el an\u00e1lisis de los datos. <\/li>\n\n\n\n<li><strong>Cookies de Publicidad<\/strong>: Permiten gestionar de la manera m\u00e1s eficiente posible los espacios publicitarios que el editor ha incluido en un sitio web, aplicaci\u00f3n o plataforma desde donde se solicita el servicio, bas\u00e1ndose en datos como el contenido editado o la frecuencia con que se realizan los anuncios.<\/li>\n\n\n\n<li><strong>Cookies de Publicidad Comportamental<\/strong>: Recogen informaci\u00f3n sobre las preferencias y elecciones personales del usuario (retargeting) para gestionar de la forma m\u00e1s eficiente posible los espacios publicitarios que el editor ha incluido.<\/li>\n\n\n\n<li><strong>Cookies Sociales<\/strong>: Establecidas por plataformas de redes sociales en los servicios para permitir compartir contenido con amigos y redes. Estas plataformas tienen la capacidad de rastrear la actividad en l\u00ednea fuera de los servicios, lo que puede afectar el contenido y los mensajes que se ven en otros servicios utilizados.  <\/li>\n\n\n\n<li><strong>Cookies de Afiliaci\u00f3n<\/strong>: Permiten rastrear visitas a trav\u00e9s de enlaces de otros sitios web con los que el sitio ha establecido acuerdos de afiliaci\u00f3n.<\/li>\n\n\n\n<li><strong>Cookies de Seguridad<\/strong>: Almacenan informaci\u00f3n encriptada para evitar que los datos almacenados sean vulnerables a ataques maliciosos por terceros.<\/li>\n<\/ul>\n\n<h2 class=\"wp-block-heading\">Seg\u00fan la Propiedad<\/h2>\n\n<ul class=\"wp-block-list\">\n<li><strong>Cookies Propias<\/strong>: Son enviadas al terminal del usuario desde un equipo o dominio gestionado por el propio editor y desde donde se proporciona el servicio solicitado por el usuario.<\/li>\n\n\n\n<li><strong>Cookies de Terceros<\/strong>: Son enviadas al terminal del usuario desde un equipo o dominio que no es gestionado por el editor, sino por otro organismo que procesa los datos obtenidos a trav\u00e9s de las cookies.<\/li>\n<\/ul>\n\n<h2 class=\"wp-block-heading\">Seg\u00fan el Per\u00edodo de Almacenamiento<\/h2>\n\n<ul class=\"wp-block-list\">\n<li><strong>Cookies de Sesi\u00f3n<\/strong>: Son un tipo de cookie dise\u00f1ada para recopilar y almacenar datos mientras el usuario accede a un sitio web..<\/li>\n\n\n\n<li><strong>Cookies Permanentes<\/strong>: Son un tipo de cookies donde los datos contin\u00faan almacenados en el terminal y pueden ser accedidos y procesados durante un per\u00edodo de tiempo definido por el controlador de la cookie, que puede ir desde unos minutos hasta varios a\u00f1os.<\/li>\n<\/ul>\n\n<h2 class=\"wp-block-heading\">Tratamiento de Datos Personales<\/h2>\n\n<p><a href=\"https:\/\/akep.eu\/\" target=\"_blank\" rel=\"noreferrer noopener\">ACADEMY OF ENTREPRENEURSHIP<\/a> es el controlador de los datos personales del interesado e informa que estos datos ser\u00e1n tratados de conformidad con lo establecido en el Reglamento (UE) 2016\/679, de 27 de abril de 2016 (GDPR), por lo que se proporciona la siguiente informaci\u00f3n sobre el tratamiento:<\/p>\n\n<ul class=\"wp-block-list\">\n<li><strong>Finalidades del tratamiento<\/strong>: seg\u00fan lo especificado en la secci\u00f3n de cookies utilizadas en este sitio web.<\/li>\n\n\n\n<li><strong>Legitimaci\u00f3n del tratamiento<\/strong>: mediante el consentimiento del interesado (art. 6.1 GDPR).<\/li>\n\n\n\n<li><strong>Criterios de almacenamiento de datos<\/strong>: seg\u00fan lo especificado en la secci\u00f3n de cookies utilizadas en el sitio web.<\/li>\n\n\n\n<li><strong>Comunicaci\u00f3n de datos<\/strong>: los datos no se divulgar\u00e1n a terceros, excepto en cookies de terceros o por obligaci\u00f3n legal.<\/li>\n<\/ul>\n\n<p><\/p>\n\n<p><strong>Derechos del Interesado:<\/strong><br\/>&#8211; Derecho a retirar el consentimiento en cualquier momento.<br\/>&#8211; Derecho de acceso, rectificaci\u00f3n, portabilidad y supresi\u00f3n de datos, as\u00ed como la limitaci\u00f3n u oposici\u00f3n a su tratamiento.<br\/>&#8211; Derecho a presentar una reclamaci\u00f3n ante la Autoridad de Supervisi\u00f3n Espa\u00f1ola (<a href=\"https:\/\/www.aepd.es\/\" target=\"_blank\" rel=\"noreferrer noopener\">www.aepd.es<\/a>) si considera que el tratamiento no cumple con la legislaci\u00f3n vigente.<\/p>\n\n<p><strong>Informaci\u00f3n de Contacto para Ejercer Derechos:<\/strong><br\/><a href=\"https:\/\/akep.eu\/\" target=\"_blank\" rel=\"noreferrer noopener\">ACADEMY OF ENTREPRENEURSHIP<\/a>. Direcci\u00f3n: Tsiller 61, Atenas, 111 44, Grecia<br\/>Correo electr\u00f3nico: <a href=\"mailto:protecciondedatos@ecovalia.org\" target=\"_blank\" rel=\"noreferrer noopener\">info@akep.eu<\/a>   <a href=\"mailto:info@akep.eu\" target=\"_blank\" rel=\"noreferrer noopener\"><\/a><a href=\"mailto:protecciondedatos@ecovalia.org\" target=\"_blank\" rel=\"noreferrer noopener\">info@akep.eu<\/a> , Tsiller 61, Atenas, 111 44, Grecia.<\/p>\n\n<h2 class=\"wp-block-heading\">Cookies Utilizadas en este Sitio Web<\/h2>\n\n<p>Desde este panel, puedes informarte sobre las cookies espec\u00edficas que utiliza el sitio web y que pueden instalarse en tu navegador. Las cookies seleccionadas indican que el usuario autoriza la instalaci\u00f3n en su navegador y el tratamiento de datos en las condiciones reflejadas en la Pol\u00edtica de Cookies. El usuario puede marcar o desmarcar el selector pulsando el bot\u00f3n de Personalizar en la barra de pol\u00edtica de cookies ubicada en la parte inferior del sitio web, dependiendo de si desea aceptar o rechazar la instalaci\u00f3n de cookies. El usuario tiene derecho a revisar su elecci\u00f3n haciendo clic en el bot\u00f3n redondo dedicado que aparece en la parte inferior izquierda de la pantalla. <\/p>\n\n<div class=\"cky-audit-table-element\"><\/div>\n\n<h3 class=\"wp-block-heading\"><strong>Cookies de Terceros<\/strong><\/h3>\n\n<p>Los servicios de terceros est\u00e1n m\u00e1s all\u00e1 del control del editor. Los proveedores pueden modificar en cualquier momento sus condiciones de servicio, la finalidad y el uso de cookies, etc. <\/p>\n\n<p><strong>Proveedores Externos de este Sitio Web<\/strong><\/p>\n\n<figure class=\"wp-block-table\"><table><thead><tr><td><strong>EDITOR<\/strong><\/td><td><strong>POL\u00cdTICA DE PRIVACIDAD<\/strong><\/td><\/tr><\/thead><tbody><tr><td>Anal\u00edticas de Google<\/td><td><a href=\"https:\/\/policies.google.com\/privacy\" target=\"_blank\" rel=\"noreferrer noopener\">https:\/\/policies.google.com\/privacy<\/a><\/td><\/tr><tr><td>Google<\/td><td><a href=\"https:\/\/policies.google.com\/privacy\" target=\"_blank\" rel=\"noreferrer noopener\">https:\/\/policies.google.com\/privacy<\/a><\/td><\/tr><tr><td>YouTube<\/td><td><a href=\"https:\/\/policies.google.com\/privacy\" target=\"_blank\" rel=\"noreferrer noopener\">https:\/\/policies.google.com\/privacy<\/a><\/td><\/tr><\/tbody><\/table><\/figure>\n\n<p>C\u00f3mo Gestionar Cookies desde tu Navegador<\/p>\n\n<figure class=\"wp-block-table\"><table><thead><tr><td><strong>Eliminar cookies de tu dispositivo<\/strong><\/td><td>Las cookies que ya est\u00e1n en un dispositivo pueden eliminarse borrando el historial del navegador, lo que elimina las cookies de todos los sitios web visitados. Sin embargo, es posible que tambi\u00e9n se pierda alguna informaci\u00f3n guardada (por ejemplo, datos de inicio de sesi\u00f3n o preferencias del sitio).<\/td><\/tr><\/thead><tbody><tr><td><strong>Gestionar cookies espec\u00edficas del sitio<\/strong><\/td><td>Para un control m\u00e1s preciso de las cookies espec\u00edficas del sitio, los usuarios pueden ajustar sus configuraciones de privacidad y cookies en su navegador.<\/td><\/tr><tr><td><strong>Bloquear cookies<\/strong><\/td><td>Aunque la mayor\u00eda de los navegadores modernos pueden configurarse para evitar que se instalen cookies en un dispositivo, esto puede requerir el ajuste manual de ciertas preferencias cada vez que se visita un sitio o p\u00e1gina. Adem\u00e1s, algunos servicios y funciones pueden no funcionar correctamente (por ejemplo, inicios de sesi\u00f3n de perfil). <\/td><\/tr><\/tbody><\/table><\/figure>\n\n<p>C\u00f3mo Eliminar Cookies en los Navegadores m\u00e1s comunes<\/p>\n\n<figure class=\"wp-block-table\"><table><tbody><tr><td><strong>Chrome<\/strong><\/td><td><a href=\"http:\/\/support.google.com\/chrome\/answer\/95647?hl=es\" target=\"_blank\" rel=\"noreferrer noopener\">http:\/\/support.google.com\/chrome\/answer\/95647?hl=es<\/a><\/td><\/tr><tr><td><strong>Internet Explorer<\/strong><\/td><td><a href=\"https:\/\/support.microsoft.com\/es-es\/help\/278835\/how-to-delete-cookie-files-in-internet-explorer\" target=\"_blank\" rel=\"noreferrer noopener\">https:\/\/support.microsoft.com\/es-es\/help\/278835\/how-to-delete-cookie-files-in-internet-explorer<\/a><\/td><\/tr><tr><td><strong>Microsoft Edge<\/strong><\/td><td><a href=\"https:\/\/support.microsoft.com\/en-us\/microsoft-edge\/delete-cookies-in-microsoft-edge-63947406-40ac-c3b8-57b9-2a946a29ae09\" target=\"_blank\" rel=\"noreferrer noopener\">https:\/\/support.microsoft.com\/en-us\/microsoft-edge\/delete-cookies-in-microsoft-edge-63947406-40ac-c3b8-57b9-2a946a29ae09<\/a><\/td><\/tr><tr><td><strong>Mozilla Firefox<\/strong><\/td><td><a href=\"https:\/\/www.mozilla.org\/es-ES\/privacy\/websites\/#cookies\" target=\"_blank\" rel=\"noreferrer noopener\">https:\/\/www.mozilla.org\/es-ES\/privacy\/websites\/#cookies<\/a><\/td><\/tr><tr><td><strong>Safari<\/strong><\/td><td><a href=\"https:\/\/support.apple.com\/es-es\/guide\/safari\/sfri11471\/mac\" target=\"_blank\" rel=\"noreferrer noopener\">https:\/\/support.apple.com\/es-es\/guide\/safari\/sfri11471\/mac<\/a><\/td><\/tr><tr><td><strong>Opera<\/strong><\/td><td><a href=\"https:\/\/help.opera.com\/en\/latest\/security-and-privacy\/#clearBrowsingData\" target=\"_blank\" rel=\"noreferrer noopener\">https:\/\/help.opera.com\/en\/latest\/security-and-privacy\/#clearBrowsingData<\/a><\/td><\/tr><\/tbody><\/table><\/figure>\n","protected":false},"excerpt":{"rendered":"<p>Pol\u00edtica de Cookies Informaci\u00f3n sobre las Cookies Este sitio web (www.carbonfarmhub.eu) utiliza cookies y otras tecnolog\u00edas similares para mejorar su experiencia de navegaci\u00f3n. Esta pol\u00edtica explica qu\u00e9 son las cookies, c\u00f3mo las usamos, sus opciones respecto a las cookies y c\u00f3mo encontrar m\u00e1s informaci\u00f3n. \u00bfQu\u00e9 son las Cookies? Las cookies y otras tecnolog\u00edas similares, como [&hellip;]<\/p>\n","protected":false},"author":1,"featured_media":0,"parent":0,"menu_order":0,"comment_status":"closed","ping_status":"closed","template":"","meta":{"footnotes":""},"class_list":["post-761","page","type-page","status-publish","hentry"],"_links":{"self":[{"href":"https:\/\/www.carbonfarmhub.eu\/es\/wp-json\/wp\/v2\/pages\/761","targetHints":{"allow":["GET"]}}],"collection":[{"href":"https:\/\/www.carbonfarmhub.eu\/es\/wp-json\/wp\/v2\/pages"}],"about":[{"href":"https:\/\/www.carbonfarmhub.eu\/es\/wp-json\/wp\/v2\/types\/page"}],"author":[{"embeddable":true,"href":"https:\/\/www.carbonfarmhub.eu\/es\/wp-json\/wp\/v2\/users\/1"}],"replies":[{"embeddable":true,"href":"https:\/\/www.carbonfarmhub.eu\/es\/wp-json\/wp\/v2\/comments?post=761"}],"version-history":[{"count":0,"href":"https:\/\/www.carbonfarmhub.eu\/es\/wp-json\/wp\/v2\/pages\/761\/revisions"}],"wp:attachment":[{"href":"https:\/\/www.carbonfarmhub.eu\/es\/wp-json\/wp\/v2\/media?parent=761"}],"curies":[{"name":"wp","href":"https:\/\/api.w.org\/{rel}","templated":true}]}}