{"id":757,"date":"2024-02-22T09:43:45","date_gmt":"2024-02-22T07:43:45","guid":{"rendered":"https:\/\/www.carbonfarmhub.eu\/politica-de-privacidad\/"},"modified":"2024-11-05T10:14:40","modified_gmt":"2024-11-05T08:14:40","slug":"politica-de-privacidad","status":"publish","type":"page","link":"https:\/\/www.carbonfarmhub.eu\/es\/politica-de-privacidad\/","title":{"rendered":"Pol\u00edtica de Privacidad"},"content":{"rendered":"\n<h1 class=\"wp-block-heading has-text-align-center\">Pol\u00edtica de Privacidad<\/h1>\n\n<h3 class=\"wp-block-heading\"><strong>1. INFORMACI\u00d3N DEL USUARIO<\/strong><\/h3>\n\n<h4 class=\"wp-block-heading\"><strong>\u00bfQui\u00e9n es el responsable del tratamiento de sus datos personales?<\/strong><\/h4>\n\n<p>Academy of Entrepreneurship es el RESPONSABLE del tratamiento de los datos personales del USUARIO e informa que dichos datos ser\u00e1n tratados de acuerdo con las disposiciones del Reglamento (UE) 2016\/679 de 27 de abril (RGPD) y la Ley Org\u00e1nica 3\/2018 de 5 de diciembre (LOPDGDD).<\/p>\n\n<h4 class=\"wp-block-heading\"><strong>\u00bfPor qu\u00e9 tratamos sus datos personales?<\/strong><\/h4>\n\n<p>Las operaciones de tratamiento previstas son las siguientes:<br\/>-Env\u00edo de comunicaciones comerciales por correo electr\u00f3nico, redes sociales o cualquier otro medio electr\u00f3nico o f\u00edsico, presente o futuro, que posibilite realizar comunicaciones comerciales. Estas comunicaciones ser\u00e1n realizadas por el RESPONSABLE y estar\u00e1n relacionadas con sus productos y servicios, o con los de sus socios o proveedores con los que haya alcanzado alg\u00fan acuerdo de promoci\u00f3n. <br\/>-Realizaci\u00f3n de estudios de mercado y an\u00e1lisis estad\u00edsticos.<br\/>-Procesamiento de solicitudes, respuesta a consultas o cualquier tipo de petici\u00f3n realizada por el USUARIO a trav\u00e9s de cualquiera de los m\u00e9todos de contacto disponibles en el sitio web del RESPONSABLE.<br\/>-Env\u00edo de boletines informativos sobre noticias, ofertas y promociones de nuestra actividad.<\/p>\n\n<h4 class=\"wp-block-heading\"><strong>\u00bfPor qu\u00e9 podemos procesar sus datos personales?<\/strong><\/h4>\n\n<p>El tratamiento est\u00e1 legitimado en el art\u00edculo 6 del RGPD de la siguiente forma:<br\/>Con el consentimiento del USUARIO: env\u00edo de comunicaciones comerciales y boletines informativos.<br\/>Por el inter\u00e9s leg\u00edtimo del RESPONSABLE: realizaci\u00f3n de estudios de mercado, an\u00e1lisis estad\u00edsticos y procesamiento de pedidos o solicitudes realizadas por el USUARIO.<\/p>\n\n<h4 class=\"wp-block-heading\"><strong>\u00bfDurante cu\u00e1nto tiempo conservaremos sus datos personales?<\/strong><\/h4>\n\n<p>Los datos se conservar\u00e1n mientras sean necesarios para el prop\u00f3sito del tratamiento o mientras existan disposiciones legales que exijan su custodia. Cuando ya no sea necesario dicho prop\u00f3sito, los datos se eliminar\u00e1n aplicando las medidas de seguridad adecuadas para garantizar la anonimizaci\u00f3n o destrucci\u00f3n completa de los mismos.<\/p>\n\n<h4 class=\"wp-block-heading\"><strong>\u00bfA qui\u00e9n comunicamos sus datos personales?<\/strong><\/h4>\n\n<p>No se prev\u00e9 la comunicaci\u00f3n de datos personales a terceros, excepto si fuera necesario para el desarrollo y ejecuci\u00f3n de las finalidades del tratamiento, a nuestros proveedores de servicios relacionados con comunicaciones, con quienes el RESPONSABLE ha firmado los contratos de confidencialidad y tratamiento de datos exigidos por la normativa de privacidad vigente.<\/p>\n\n<h4 class=\"wp-block-heading\"><strong>\u00bfCu\u00e1les son sus derechos?<\/strong><\/h4>\n\n<p>Los derechos del USUARIO incluyen:<br\/>-Derecho a retirar el consentimiento en cualquier momento.<br\/>-Derecho de acceso, rectificaci\u00f3n, portabilidad y supresi\u00f3n de sus datos y de limitaci\u00f3n u oposici\u00f3n a su tratamiento.<br\/>-Derecho a presentar una reclamaci\u00f3n ante la Autoridad de Protecci\u00f3n de Datos de Grecia (www.dpa.gr) si considera que el tratamiento no se ajusta a la legislaci\u00f3n vigente.<\/p>\n\n<h4 class=\"wp-block-heading\"><strong>Informaci\u00f3n de contacto para el ejercicio de derechos:<\/strong><\/h4>\n\n<p>Academy of Entrepreneurship. Tsiller 61, Atenas, 111 44, Grecia. +302103313690. info@akep.eu<br\/>Datos de contacto del delegado de protecci\u00f3n de datos: info@akep.eu, Tsiller 61, Atenas, 111 44, Grecia.   <\/p>\n\n<h3 class=\"wp-block-heading\"><strong>2. NATURALEZA OBLIGATORIA U OPCIONAL DE LA INFORMACI\u00d3N PROPORCIONADA POR EL USUARIO<\/strong><\/h3>\n\n<p>Los USUARIOS, al marcar las casillas correspondientes e ingresar datos en los campos se\u00f1alados con un asterisco (*) en el formulario de contacto o en los formularios de descarga, aceptan de forma expresa y libre que sus datos son necesarios para que el proveedor atienda su solicitud, proporcionando voluntariamente sus datos en los campos restantes. El USUARIO garantiza que los datos personales facilitados al RESPONSABLE son veraces y se compromete a comunicar cualquier cambio en los mismos. <\/p>\n\n<p>El RESPONSABLE informa de que todos los datos solicitados a trav\u00e9s del sitio web son obligatorios, ya que son necesarios para proporcionar un servicio \u00f3ptimo al USUARIO. En caso de que no se faciliten todos los datos, no se garantiza que la informaci\u00f3n y los servicios facilitados se ajusten completamente a sus necesidades. <\/p>\n\n<h3 class=\"wp-block-heading\"><strong>3. MEDIDAS DE SEGURIDAD<\/strong><\/h3>\n\n<p>De acuerdo con las disposiciones de la normativa vigente sobre protecci\u00f3n de datos personales, el RESPONSABLE est\u00e1 cumpliendo con todas las normativas del RGPD y la LOPDGDD para el tratamiento de los datos personales bajo su responsabilidad, cumpliendo con los principios descritos en el art\u00edculo 5 del RGPD, por el cual los datos son tratados de manera l\u00edcita, leal y transparente en relaci\u00f3n con el interesado, y de manera adecuada, pertinente y limitada a lo necesario en relaci\u00f3n con las finalidades para las que se tratan.<\/p>\n\n<p>El RESPONSABLE garantiza que se han implementado todas las pol\u00edticas t\u00e9cnicas y organizativas adecuadas para aplicar las medidas de seguridad establecidas por el RGPD y la LOPDGDD, con el fin de proteger los derechos y libertades de los USUARIOS y ha comunicado la informaci\u00f3n adecuada para que puedan ejercerlos.<\/p>\n\n<p>Para m\u00e1s informaci\u00f3n sobre garant\u00edas de privacidad, puede contactar con el RESPONSABLE a trav\u00e9s de Academy of Entrepreneurship. Tsiller 61, Atenas, 111 44, Grecia. Correo electr\u00f3nico: info@akep.eu  <\/p>\n\n<p>Datos de contacto del delegado de protecci\u00f3n de datos: info@akep.eu, Tsiller 61, Atenas, 111 44, Grecia.<\/p>\n","protected":false},"excerpt":{"rendered":"<p>Pol\u00edtica de Privacidad 1. INFORMACI\u00d3N DEL USUARIO \u00bfQui\u00e9n es el responsable del tratamiento de sus datos personales? Academy of Entrepreneurship es el RESPONSABLE del tratamiento de los datos personales del USUARIO e informa que dichos datos ser\u00e1n tratados de acuerdo con las disposiciones del Reglamento (UE) 2016\/679 de 27 de abril (RGPD) y la Ley [&hellip;]<\/p>\n","protected":false},"author":1,"featured_media":0,"parent":0,"menu_order":0,"comment_status":"closed","ping_status":"closed","template":"","meta":{"footnotes":""},"class_list":["post-757","page","type-page","status-publish","hentry"],"_links":{"self":[{"href":"https:\/\/www.carbonfarmhub.eu\/es\/wp-json\/wp\/v2\/pages\/757","targetHints":{"allow":["GET"]}}],"collection":[{"href":"https:\/\/www.carbonfarmhub.eu\/es\/wp-json\/wp\/v2\/pages"}],"about":[{"href":"https:\/\/www.carbonfarmhub.eu\/es\/wp-json\/wp\/v2\/types\/page"}],"author":[{"embeddable":true,"href":"https:\/\/www.carbonfarmhub.eu\/es\/wp-json\/wp\/v2\/users\/1"}],"replies":[{"embeddable":true,"href":"https:\/\/www.carbonfarmhub.eu\/es\/wp-json\/wp\/v2\/comments?post=757"}],"version-history":[{"count":0,"href":"https:\/\/www.carbonfarmhub.eu\/es\/wp-json\/wp\/v2\/pages\/757\/revisions"}],"wp:attachment":[{"href":"https:\/\/www.carbonfarmhub.eu\/es\/wp-json\/wp\/v2\/media?parent=757"}],"curies":[{"name":"wp","href":"https:\/\/api.w.org\/{rel}","templated":true}]}}